{"id":3326,"date":"2023-12-04T16:49:21","date_gmt":"2023-12-04T16:49:21","guid":{"rendered":"https:\/\/solidarity.org.ua\/fr\/?page_id=3326"},"modified":"2025-08-14T19:04:46","modified_gmt":"2025-08-14T19:04:46","slug":"assistance","status":"publish","type":"page","link":"https:\/\/solidarity.org.ua\/fr\/assistance\/","title":{"rendered":"assistance"},"content":{"rendered":"\t\t<div data-elementor-type=\"wp-page\" data-elementor-id=\"3326\" class=\"elementor elementor-3326\">\n\t\t\t\t\t\t<section class=\"elementor-section elementor-top-section elementor-element elementor-element-dbdb26e elementor-section-boxed elementor-section-height-default elementor-section-height-default\" data-id=\"dbdb26e\" data-element_type=\"section\" data-e-type=\"section\">\n\t\t\t\t\t\t<div class=\"elementor-container elementor-column-gap-default\">\n\t\t\t\t\t<div class=\"elementor-column elementor-col-100 elementor-top-column elementor-element elementor-element-be59c37\" data-id=\"be59c37\" data-element_type=\"column\" data-e-type=\"column\">\n\t\t\t<div class=\"elementor-widget-wrap elementor-element-populated\">\n\t\t\t\t\t\t<div class=\"elementor-element elementor-element-1e6a97b elementor-widget elementor-widget-text-editor\" data-id=\"1e6a97b\" data-element_type=\"widget\" data-e-type=\"widget\" data-widget_type=\"text-editor.default\">\n\t\t\t\t<div class=\"elementor-widget-container\">\n\t\t\t\t\t\t\t\t\t<br><br><br><br>\t\t\t\t\t\t\t\t<\/div>\n\t\t\t\t<\/div>\n\t\t\t\t\t<\/div>\n\t\t<\/div>\n\t\t\t\t\t<\/div>\n\t\t<\/section>\n\t\t\t\t<section class=\"elementor-section elementor-top-section elementor-element elementor-element-d4792d2 elementor-section-content-middle elementor-section-boxed elementor-section-height-default elementor-section-height-default\" data-id=\"d4792d2\" data-element_type=\"section\" data-e-type=\"section\" data-settings=\"{&quot;background_background&quot;:&quot;classic&quot;}\">\n\t\t\t\t\t\t\t<div class=\"elementor-background-overlay\"><\/div>\n\t\t\t\t\t\t\t<div class=\"elementor-container elementor-column-gap-default\">\n\t\t\t\t\t<div class=\"elementor-column elementor-col-100 elementor-top-column elementor-element elementor-element-cb51160\" data-id=\"cb51160\" data-element_type=\"column\" data-e-type=\"column\">\n\t\t\t<div class=\"elementor-widget-wrap elementor-element-populated\">\n\t\t\t\t\t\t<div class=\"elementor-element elementor-element-dc32018 elementor-widget__width-initial elementor-widget elementor-widget-heading\" data-id=\"dc32018\" data-element_type=\"widget\" data-e-type=\"widget\" data-widget_type=\"heading.default\">\n\t\t\t\t<div class=\"elementor-widget-container\">\n\t\t\t\t\t<h2 class=\"elementor-heading-title elementor-size-default\">ASSISTANCE AUX VICTIMES DE GUERRE<\/h2>\t\t\t\t<\/div>\n\t\t\t\t<\/div>\n\t\t\t\t\t<\/div>\n\t\t<\/div>\n\t\t\t\t\t<\/div>\n\t\t<\/section>\n\t\t\t\t<section class=\"elementor-section elementor-top-section elementor-element elementor-element-b4376c6 elementor-section-boxed elementor-section-height-default elementor-section-height-default\" data-id=\"b4376c6\" data-element_type=\"section\" data-e-type=\"section\">\n\t\t\t\t\t\t<div class=\"elementor-container elementor-column-gap-default\">\n\t\t\t\t\t<div class=\"elementor-column elementor-col-100 elementor-top-column elementor-element elementor-element-7b2bced\" data-id=\"7b2bced\" data-element_type=\"column\" data-e-type=\"column\">\n\t\t\t<div class=\"elementor-widget-wrap elementor-element-populated\">\n\t\t\t\t\t\t<div class=\"elementor-element elementor-element-f3f9522 elementor-widget elementor-widget-heading\" data-id=\"f3f9522\" data-element_type=\"widget\" data-e-type=\"widget\" data-widget_type=\"heading.default\">\n\t\t\t\t<div class=\"elementor-widget-container\">\n\t\t\t\t\t<h2 class=\"elementor-heading-title elementor-size-default\">Conditions du programme caritatif<\/h2>\t\t\t\t<\/div>\n\t\t\t\t<\/div>\n\t\t\t\t<div class=\"elementor-element elementor-element-e7a043a elementor-widget elementor-widget-counter\" data-id=\"e7a043a\" data-element_type=\"widget\" data-e-type=\"widget\" data-widget_type=\"counter.default\">\n\t\t\t\t<div class=\"elementor-widget-container\">\n\t\t\t\t\t\t\t<div class=\"elementor-counter\">\n\t\t\t<div class=\"elementor-counter-title\">Montant maximal de l\u2019aide cibl\u00e9e pour une personne (UAH)<\/div>\t\t\t<div class=\"elementor-counter-number-wrapper\">\n\t\t\t\t<span class=\"elementor-counter-number-prefix\"><\/span>\n\t\t\t\t<span class=\"elementor-counter-number\" data-duration=\"2500\" data-to-value=\"100000\" data-from-value=\"0\" data-delimiter=\",\">0<\/span>\n\t\t\t\t<span class=\"elementor-counter-number-suffix\"><\/span>\n\t\t\t<\/div>\n\t\t<\/div>\n\t\t\t\t\t\t<\/div>\n\t\t\t\t<\/div>\n\t\t\t\t<div class=\"elementor-element elementor-element-b04861a elementor-widget elementor-widget-text-editor\" data-id=\"b04861a\" data-element_type=\"widget\" data-e-type=\"widget\" data-widget_type=\"text-editor.default\">\n\t\t\t\t<div class=\"elementor-widget-container\">\n\t\t\t\t\t\t\t\t\t<span style=\"background-color: var(--ast-global-color-5);\"><b>Qui peut demander une aide :<\/b> les personnes physiques (citoyens ukrainiens, \u00e9trangers et apatrides se trouvant l\u00e9galement en Ukraine, et ayant la capacit\u00e9 juridique), qui se trouvent dans des circonstances de vie difficiles en raison de dommages caus\u00e9s par des hostilit\u00e9s, un acte terroriste, un conflit arm\u00e9 ou une occupation temporaire.<\/span>\n<span style=\"background-color: var(--ast-global-color-5);\"> <\/span><br><br>\n\n<b>La loi de l\u2019Ukraine du 17 janvier 2019 n\u00b0 2671-VIII \u00ab Sur les services sociaux \u00bb<\/b> d\u00e9finit que les circonstances de vie difficiles sont des circonstances qui affectent n\u00e9gativement la vie, la sant\u00e9 et le d\u00e9veloppement d\u2019une personne, le fonctionnement d\u2019une famille, et que la personne\/la famille ne peut surmonter seule.\t\t\t\t\t\t\t\t<\/div>\n\t\t\t\t<\/div>\n\t\t\t\t<div class=\"elementor-element elementor-element-433ff40 elementor-alert-warning elementor-widget elementor-widget-alert\" data-id=\"433ff40\" data-element_type=\"widget\" data-e-type=\"widget\" data-widget_type=\"alert.default\">\n\t\t\t\t<div class=\"elementor-widget-container\">\n\t\t\t\t\t\t\t<div class=\"elementor-alert\" role=\"alert\">\n\n\t\t\t\t\t\t<span class=\"elementor-alert-title\">Ce programme caritatif n\u2019accepte pas les demandes de la part de personnes qui<\/span>\n\t\t\t\n\t\t\t\t\t\t<span class=\"elementor-alert-description\">- consomment des substances narcotiques;<br>\n\n- consomment des substances toxiques \u00e0 des fins d\u2019intoxication;<br>\n\n- souffrent d\u2019alcoolisme;<br>\n\n- pr\u00e9sentaient des troubles nerveux ou mentaux persistants avant le 24 f\u00e9vrier 2022 ou ont acquis ces troubles pour des raisons non li\u00e9es aux op\u00e9rations militaires;<br>\n\n- se trouvent dans des lieux de privation de libert\u00e9.<\/span>\n\t\t\t\n\t\t\t\t\t\t<button type=\"button\" class=\"elementor-alert-dismiss\" aria-label=\"Dismiss this alert.\">\n\t\t\t\t\t\t\t\t\t<span aria-hidden=\"true\">&times;<\/span>\n\t\t\t\t\t\t\t<\/button>\n\t\t\t\n\t\t<\/div>\n\t\t\t\t\t\t<\/div>\n\t\t\t\t<\/div>\n\t\t\t\t<div class=\"elementor-element elementor-element-2ef72dc elementor-alert-warning elementor-widget elementor-widget-alert\" data-id=\"2ef72dc\" data-element_type=\"widget\" data-e-type=\"widget\" data-widget_type=\"alert.default\">\n\t\t\t\t<div class=\"elementor-widget-container\">\n\t\t\t\t\t\t\t<div class=\"elementor-alert\" role=\"alert\">\n\n\t\t\t\t\t\t<span class=\"elementor-alert-title\">La Fondation ne peut pas apporter son aide si les circonstances de vie difficiles sont survenues \u00e0 la suite de:<\/span>\n\t\t\t\n\t\t\t\t\t\t<span class=\"elementor-alert-description\">- Tentative de suicide ou cons\u00e9quences d\u2019une tentative de suicide, y compris les actes accomplis dans un \u00e9tat de folie, de trouble mental ou psychosomatique, sauf dans les cas o\u00f9 la personne y a \u00e9t\u00e9 pouss\u00e9e par des actes ill\u00e9gaux de tiers;<br>\n- Non-respect des recommandations m\u00e9dicales ou refus imprudent de soins m\u00e9dicaux, autom\u00e9dication ou recours \u00e0 des m\u00e9thodes de m\u00e9decine non traditionnelle, traitement avec des m\u00e9dicaments exp\u00e9rimentaux ou participation volontaire \u00e0 des recherches physiologiques ou m\u00e9dicales, interventions chirurgicales esth\u00e9tiques ne visant pas \u00e0 corriger les cons\u00e9quences d\u2019une maladie ou d\u2019un accident;<br>\n- Participation active de la personne \u00e0 la guerre, aux hostilit\u00e9s ou activit\u00e9s militaires, exercices militaires ou policiers, op\u00e9rations navales, a\u00e9riennes, terrestres ou autres types d\u2019op\u00e9rations militaires. La participation active comprend le service dans la marine, l\u2019arm\u00e9e ou l\u2019aviation, ou la participation \u00e0 des op\u00e9rations de la marine, de l\u2019arm\u00e9e, de l\u2019aviation ou des forces de d\u00e9fense territoriale;<br>\n- Implication de la personne dans une guerre civile, des r\u00e9bellions, insurrections, troubles populaires et gr\u00e8ves, troubles de masse, r\u00e9volutions, d\u00e9sordres publics, violations de l\u2019ordre public en groupe, invasions arm\u00e9es, actions d\u2019ennemis ext\u00e9rieurs, \u00e9meutes, prise ou usurpation de pouvoir, actes de terrorisme, ou tout autre \u00e9v\u00e9nement entra\u00eenant la d\u00e9claration de guerre ou des conflits arm\u00e9s;<br>\n- Conduite d\u2019un v\u00e9hicule par une personne sous l\u2019emprise de l\u2019alcool, de drogues ou de substances toxiques et\/ou sans permis de conduire de la cat\u00e9gorie appropri\u00e9e, et\/ou remise du contr\u00f4le du v\u00e9hicule \u00e0 une personne sous l\u2019emprise de l\u2019alcool, de drogues ou de substances toxiques et\/ou sans permis de conduire appropri\u00e9;<br>\n- Maladies associ\u00e9es \u00e0 des \u00e9pid\u00e9mies pendant une quarantaine;<br>\n- Consommation d\u2019alcool, de substances narcotiques ou toxiques par la personne (sauf en cas d\u2019administration forc\u00e9e par des tiers) ou influence de m\u00e9dicaments pris sans prescription m\u00e9dicale. Sont \u00e9galement exclus tous les cas durant lesquels la personne \u00e9tait sous l\u2019influence de l\u2019alcool, de substances narcotiques ou toxiques;<br>\n- \u00c9v\u00e9nements survenus alors que la personne se trouvait dans un lieu de privation de libert\u00e9;<br>\n- Chirurgie plastique ou correction de d\u00e9fauts d\u2019apparence ou de silhouette.<\/span>\n\t\t\t\n\t\t\t\t\t\t<button type=\"button\" class=\"elementor-alert-dismiss\" aria-label=\"Dismiss this alert.\">\n\t\t\t\t\t\t\t\t\t<span aria-hidden=\"true\">&times;<\/span>\n\t\t\t\t\t\t\t<\/button>\n\t\t\t\n\t\t<\/div>\n\t\t\t\t\t\t<\/div>\n\t\t\t\t<\/div>\n\t\t\t\t<div class=\"elementor-element elementor-element-b713724 elementor-widget elementor-widget-text-editor\" data-id=\"b713724\" data-element_type=\"widget\" data-e-type=\"widget\" data-widget_type=\"text-editor.default\">\n\t\t\t\t<div class=\"elementor-widget-container\">\n\t\t\t\t\t\t\t\t\t<b>Ce qui est n\u00e9cessaire pour recevoir de l\u2019aide:<\/b> envoyer \u00e0 l\u2019adresse e-mail <span style=\"color: #ff3131;\">info@solidarity.org.ua<\/span> des informations sur la ville, la composition de la famille, la situation actuelle et le plan d\u2019utilisation des fonds, sous forme libre.<br><br>\n\n<b>Priorit\u00e9 dans l\u2019examen des demandes d\u2019aide:<\/b><br><br>\n\n<b>Groupe &#8220;A&#8221;:<\/b><br>\n&#8211; personnes d\u00e9cor\u00e9es du titre de H\u00e9ros de l\u2019Ukraine;<br>\n&#8211; membres de la famille d\u2019une personne d\u00e9cor\u00e9e du titre de H\u00e9ros de l\u2019Ukraine (y compris \u00e0 titre posthume);<br>\n&#8211; militaires devenus invalides \u00e0 la suite de la guerre;<br>\n&#8211; invalides de guerre et personnes assimil\u00e9es.<br><br>\n\n<b>Groupe &#8220;B&#8221;:<\/b><br>\n&#8211; participants aux hostilit\u00e9s et personnes assimil\u00e9es;<br>\n&#8211; parents \u00e0 charge d\u2019un militaire d\u00e9c\u00e9d\u00e9 ou port\u00e9 disparu pendant le service militaire;<br>\n&#8211; personnes r\u00e9habilit\u00e9es devenues invalides \u00e0 la suite de r\u00e9pressions;<br>\n&#8211; v\u00e9t\u00e9rans du service militaire, des organes des affaires int\u00e9rieures, de la police nationale, de la police fiscale, du Service national de protection contre l\u2019incendie, du Service p\u00e9nitentiaire d\u2019\u00c9tat, du Service de protection civile;<br>\n&#8211; personnes handicap\u00e9es des premi\u00e8re et deuxi\u00e8me cat\u00e9gories, enfants handicap\u00e9s;<br>\n&#8211; citoyens ayant souffert de la catastrophe de Tchernobyl class\u00e9s en premi\u00e8re cat\u00e9gorie, liquidateurs de l\u2019accident de la centrale nucl\u00e9aire de Tchernobyl appartenant \u00e0 la deuxi\u00e8me cat\u00e9gorie;<br>\n&#8211; enfants ayant re\u00e7u un diagnostic de handicap li\u00e9 \u00e0 la catastrophe de Tchernobyl;<br>\n&#8211; participants \u00e0 l\u2019op\u00e9ration antiterroriste et personnes ayant men\u00e9 des actions pour assurer la s\u00e9curit\u00e9 et la d\u00e9fense nationales, repousser et contenir l\u2019agression arm\u00e9e de la F\u00e9d\u00e9ration de Russie dans les r\u00e9gions de Donetsk et de Louhansk.<br><br>\n\n<b>Groupe &#8220;C&#8221;:<\/b><br>\n&#8211; familles avec enfants, dans lesquelles la maladie de longue dur\u00e9e des parents les emp\u00eache de remplir leurs fonctions parentales;<br>\n&#8211; familles \u00e9levant des enfants handicap\u00e9s et familles avec enfants dont les parents sont handicap\u00e9s;<br>\n&#8211; familles avec enfants, o\u00f9 les parents sont des travailleurs migrants;<br>\n&#8211; familles \u00e0 faible revenu avec enfants;<br>\n&#8211; familles dont les enfants sont plac\u00e9s dans des institutions de prise en charge et d\u2019\u00e9ducation institutionnelle;<br>\n&#8211; familles dont les enfants sont plac\u00e9s chez un assistant familial;<br>\n&#8211; personnes d\u00e9plac\u00e9es \u00e0 l\u2019int\u00e9rieur du pays;<br>\n&#8211; familles nombreuses;<br>\n&#8211; m\u00e8res (p\u00e8res) c\u00e9libataires mineures;<br>\n&#8211; enfants \u00e9lev\u00e9s dans les familles de tuteurs, de curateurs, de familles d\u2019accueil, de foyers familiaux de type familial;<br>\n&#8211; personnes parmi les orphelins et les enfants priv\u00e9s de soins parentaux;<br>\n&#8211; personnes ayant des besoins \u00e9ducatifs particuliers.<br><br>\n\nLa priorit\u00e9 est accord\u00e9e aux personnes d\u00e9plac\u00e9es \u00e0 l\u2019int\u00e9rieur du pays et aux familles nombreuses.\n\t\t\t\t\t\t\t\t<\/div>\n\t\t\t\t<\/div>\n\t\t\t\t\t<\/div>\n\t\t<\/div>\n\t\t\t\t\t<\/div>\n\t\t<\/section>\n\t\t\t\t<\/div>\n\t\t","protected":false},"excerpt":{"rendered":"<p>ASSISTANCE AUX VICTIMES DE GUERRE Conditions du programme caritatif Montant maximal de l\u2019aide cibl\u00e9e pour une personne (UAH) 0 Qui peut demander une aide : les personnes physiques (citoyens ukrainiens, \u00e9trangers et apatrides se trouvant l\u00e9galement en Ukraine, et ayant la capacit\u00e9 juridique), qui se trouvent dans des circonstances de vie difficiles en raison de [&hellip;]<\/p>\n","protected":false},"author":1,"featured_media":0,"parent":0,"menu_order":0,"comment_status":"closed","ping_status":"closed","template":"","meta":{"site-sidebar-layout":"no-sidebar","site-content-layout":"page-builder","ast-site-content-layout":"","site-content-style":"default","site-sidebar-style":"default","ast-global-header-display":"","ast-banner-title-visibility":"","ast-main-header-display":"","ast-hfb-above-header-display":"","ast-hfb-below-header-display":"","ast-hfb-mobile-header-display":"","site-post-title":"disabled","ast-breadcrumbs-content":"","ast-featured-img":"disabled","footer-sml-layout":"","theme-transparent-header-meta":"enabled","adv-header-id-meta":"","stick-header-meta":"","header-above-stick-meta":"","header-main-stick-meta":"","header-below-stick-meta":"","astra-migrate-meta-layouts":"default","ast-page-background-enabled":"default","ast-page-background-meta":{"desktop":{"background-color":"var(--ast-global-color-4)","background-image":"","background-repeat":"repeat","background-position":"center center","background-size":"auto","background-attachment":"scroll","background-type":"","background-media":"","overlay-type":"","overlay-color":"","overlay-opacity":"","overlay-gradient":""},"tablet":{"background-color":"","background-image":"","background-repeat":"repeat","background-position":"center center","background-size":"auto","background-attachment":"scroll","background-type":"","background-media":"","overlay-type":"","overlay-color":"","overlay-opacity":"","overlay-gradient":""},"mobile":{"background-color":"","background-image":"","background-repeat":"repeat","background-position":"center center","background-size":"auto","background-attachment":"scroll","background-type":"","background-media":"","overlay-type":"","overlay-color":"","overlay-opacity":"","overlay-gradient":""}},"ast-content-background-meta":{"desktop":{"background-color":"var(--ast-global-color-5)","background-image":"","background-repeat":"repeat","background-position":"center center","background-size":"auto","background-attachment":"scroll","background-type":"","background-media":"","overlay-type":"","overlay-color":"","overlay-opacity":"","overlay-gradient":""},"tablet":{"background-color":"var(--ast-global-color-5)","background-image":"","background-repeat":"repeat","background-position":"center center","background-size":"auto","background-attachment":"scroll","background-type":"","background-media":"","overlay-type":"","overlay-color":"","overlay-opacity":"","overlay-gradient":""},"mobile":{"background-color":"var(--ast-global-color-5)","background-image":"","background-repeat":"repeat","background-position":"center center","background-size":"auto","background-attachment":"scroll","background-type":"","background-media":"","overlay-type":"","overlay-color":"","overlay-opacity":"","overlay-gradient":""}},"footnotes":""},"class_list":["post-3326","page","type-page","status-publish","hentry"],"aioseo_notices":[],"jetpack_sharing_enabled":true,"_links":{"self":[{"href":"https:\/\/solidarity.org.ua\/fr\/wp-json\/wp\/v2\/pages\/3326","targetHints":{"allow":["GET"]}}],"collection":[{"href":"https:\/\/solidarity.org.ua\/fr\/wp-json\/wp\/v2\/pages"}],"about":[{"href":"https:\/\/solidarity.org.ua\/fr\/wp-json\/wp\/v2\/types\/page"}],"author":[{"embeddable":true,"href":"https:\/\/solidarity.org.ua\/fr\/wp-json\/wp\/v2\/users\/1"}],"replies":[{"embeddable":true,"href":"https:\/\/solidarity.org.ua\/fr\/wp-json\/wp\/v2\/comments?post=3326"}],"version-history":[{"count":34,"href":"https:\/\/solidarity.org.ua\/fr\/wp-json\/wp\/v2\/pages\/3326\/revisions"}],"predecessor-version":[{"id":3750,"href":"https:\/\/solidarity.org.ua\/fr\/wp-json\/wp\/v2\/pages\/3326\/revisions\/3750"}],"wp:attachment":[{"href":"https:\/\/solidarity.org.ua\/fr\/wp-json\/wp\/v2\/media?parent=3326"}],"curies":[{"name":"wp","href":"https:\/\/api.w.org\/{rel}","templated":true}]}}