{"id":2768,"date":"2023-07-30T15:08:26","date_gmt":"2023-07-30T15:08:26","guid":{"rendered":"https:\/\/solidarity.org.ua\/fr\/?page_id=2768"},"modified":"2025-08-31T19:05:11","modified_gmt":"2025-08-31T19:05:11","slug":"reconstruction","status":"publish","type":"page","link":"https:\/\/solidarity.org.ua\/fr\/reconstruction\/","title":{"rendered":"reconstruction"},"content":{"rendered":"\t\t<div data-elementor-type=\"wp-page\" data-elementor-id=\"2768\" class=\"elementor elementor-2768\">\n\t\t\t\t\t\t<section class=\"elementor-section elementor-top-section elementor-element elementor-element-dbdb26e elementor-section-boxed elementor-section-height-default elementor-section-height-default\" data-id=\"dbdb26e\" data-element_type=\"section\" data-e-type=\"section\">\n\t\t\t\t\t\t<div class=\"elementor-container elementor-column-gap-default\">\n\t\t\t\t\t<div class=\"elementor-column elementor-col-100 elementor-top-column elementor-element elementor-element-be59c37\" data-id=\"be59c37\" data-element_type=\"column\" data-e-type=\"column\">\n\t\t\t<div class=\"elementor-widget-wrap elementor-element-populated\">\n\t\t\t\t\t\t<div class=\"elementor-element elementor-element-1e6a97b elementor-widget elementor-widget-text-editor\" data-id=\"1e6a97b\" data-element_type=\"widget\" data-e-type=\"widget\" data-widget_type=\"text-editor.default\">\n\t\t\t\t<div class=\"elementor-widget-container\">\n\t\t\t\t\t\t\t\t\t<br><br><br><br>\t\t\t\t\t\t\t\t<\/div>\n\t\t\t\t<\/div>\n\t\t\t\t\t<\/div>\n\t\t<\/div>\n\t\t\t\t\t<\/div>\n\t\t<\/section>\n\t\t\t\t<section class=\"elementor-section elementor-top-section elementor-element elementor-element-fa941cb elementor-section-content-middle elementor-section-boxed elementor-section-height-default elementor-section-height-default\" data-id=\"fa941cb\" data-element_type=\"section\" data-e-type=\"section\" data-settings=\"{&quot;background_background&quot;:&quot;classic&quot;}\">\n\t\t\t\t\t\t\t<div class=\"elementor-background-overlay\"><\/div>\n\t\t\t\t\t\t\t<div class=\"elementor-container elementor-column-gap-default\">\n\t\t\t\t\t<div class=\"elementor-column elementor-col-100 elementor-top-column elementor-element elementor-element-5056136\" data-id=\"5056136\" data-element_type=\"column\" data-e-type=\"column\">\n\t\t\t<div class=\"elementor-widget-wrap elementor-element-populated\">\n\t\t\t\t\t\t<div class=\"elementor-element elementor-element-b1639c3 elementor-widget elementor-widget-heading\" data-id=\"b1639c3\" data-element_type=\"widget\" data-e-type=\"widget\" data-widget_type=\"heading.default\">\n\t\t\t\t<div class=\"elementor-widget-container\">\n\t\t\t\t\t<h2 class=\"elementor-heading-title elementor-size-default\">RECONSTRUCTION DE L\u2019UKRAINE<\/h2>\t\t\t\t<\/div>\n\t\t\t\t<\/div>\n\t\t\t\t\t<\/div>\n\t\t<\/div>\n\t\t\t\t\t<\/div>\n\t\t<\/section>\n\t\t\t\t<section class=\"elementor-section elementor-top-section elementor-element elementor-element-b4376c6 elementor-section-boxed elementor-section-height-default elementor-section-height-default\" data-id=\"b4376c6\" data-element_type=\"section\" data-e-type=\"section\">\n\t\t\t\t\t\t<div class=\"elementor-container elementor-column-gap-default\">\n\t\t\t\t\t<div class=\"elementor-column elementor-col-100 elementor-top-column elementor-element elementor-element-7b2bced\" data-id=\"7b2bced\" data-element_type=\"column\" data-e-type=\"column\">\n\t\t\t<div class=\"elementor-widget-wrap elementor-element-populated\">\n\t\t\t\t\t\t<div class=\"elementor-element elementor-element-f3f9522 elementor-widget elementor-widget-heading\" data-id=\"f3f9522\" data-element_type=\"widget\" data-e-type=\"widget\" data-widget_type=\"heading.default\">\n\t\t\t\t<div class=\"elementor-widget-container\">\n\t\t\t\t\t<h2 class=\"elementor-heading-title elementor-size-default\">Conditions du programme caritatif<\/h2>\t\t\t\t<\/div>\n\t\t\t\t<\/div>\n\t\t\t\t<div class=\"elementor-element elementor-element-b04861a elementor-widget elementor-widget-text-editor\" data-id=\"b04861a\" data-element_type=\"widget\" data-e-type=\"widget\" data-widget_type=\"text-editor.default\">\n\t\t\t\t<div class=\"elementor-widget-container\">\n\t\t\t\t\t\t\t\t\t<b>La liste des institutions pouvant demander une aide : <\/b>\n<ul>\n \t<li><span style=\"background-color: var(--ast-global-color-5);\">\u00e9tablissements publics de sant\u00e9 ;<\/span><\/li>\n \t<li>\u00e9tablissements d\u2019enseignement publics ;<\/li>\n \t<li>Minist\u00e8re de l\u2019Infrastructure de l\u2019Ukraine ;<\/li>\n \t<li><span style=\"font-style: inherit; font-weight: inherit; background-color: var(--ast-global-color-5); color: var(--ast-global-color-3);\">collectivit\u00e9s territoriales ;<\/span><\/li>\n \t<li>conseils de village, de commune ou de ville et leurs organes ex\u00e9cutifs ;<\/li>\n \t<li>maires de village, de commune ou de ville ;<\/li>\n \t<li>organes d\u2019auto-organisation de la population ;<\/li>\n \t<li>\u00e9tablissements ou organisations \u00e0 but non lucratif ou d\u2019int\u00e9r\u00eat public dont le domaine d\u2019activit\u00e9 est : \u00e9cologie, protection de l\u2019environnement et protection des animaux, soins et bien-\u00eatre, protection sociale\/s\u00e9curit\u00e9 sociale\/services sociaux, culture et art, science et recherche scientifique, sport et culture physique.<\/li>\n<\/ul>\n\t\t\t\t\t\t\t\t<\/div>\n\t\t\t\t<\/div>\n\t\t\t\t<div class=\"elementor-element elementor-element-b713724 elementor-widget elementor-widget-text-editor\" data-id=\"b713724\" data-element_type=\"widget\" data-e-type=\"widget\" data-widget_type=\"text-editor.default\">\n\t\t\t\t<div class=\"elementor-widget-container\">\n\t\t\t\t\t\t\t\t\t<p><b>Ce qui est n\u00e9cessaire pour recevoir de l\u2019aide:&nbsp;<\/b>envoyer \u00e0 l\u2019adresse e-mail <span style=\"color: #ff3131;\">info@solidarity.org.ua<\/span> un scan ou une photo d\u2019une demande officielle avec le cachet d\u2019une institution ou d\u2019une organisation.<br><br><\/p>\n<p><b>Priorit\u00e9 d\u2019examen des demandes d\u2019assistance:<\/b><br><\/p>\n<p>1. Demandes provenant d\u2019institutions dont le b\u00e2timent\/site\/infrastructure est compl\u00e8tement d\u00e9truit ou d\u00e9clar\u00e9 inutilisable \u00e0 la suite d\u2019op\u00e9rations militaires.<br><br><\/p>\n<p>2. Demandes provenant d\u2019institutions dont le b\u00e2timent\/site\/infrastructure est partiellement endommag\u00e9 \u00e0 la suite d\u2019actions militaires et n\u00e9cessite des r\u00e9parations non cosm\u00e9tiques.<br><br><\/p>\n<p>3. Demandes provenant d\u2019institutions dont le b\u00e2timent\/site\/infrastructure, \u00e0 la suite des hostilit\u00e9s, n\u00e9cessite des r\u00e9parations cosm\u00e9tiques.<br><br><\/p>\n<p>La priorit\u00e9 est accord\u00e9e aux \u00e9tablissements fournissant des services d\u2019h\u00e9bergement.<\/p>\t\t\t\t\t\t\t\t<\/div>\n\t\t\t\t<\/div>\n\t\t\t\t\t<\/div>\n\t\t<\/div>\n\t\t\t\t\t<\/div>\n\t\t<\/section>\n\t\t\t\t<\/div>\n\t\t","protected":false},"excerpt":{"rendered":"<p>RECONSTRUCTION DE L\u2019UKRAINE Conditions du programme caritatif La liste des institutions pouvant demander une aide : \u00e9tablissements publics de sant\u00e9 ; \u00e9tablissements d\u2019enseignement publics ; Minist\u00e8re de l\u2019Infrastructure de l\u2019Ukraine ; collectivit\u00e9s territoriales ; conseils de village, de commune ou de ville et leurs organes ex\u00e9cutifs ; maires de village, de commune ou de ville [&hellip;]<\/p>\n","protected":false},"author":1,"featured_media":0,"parent":0,"menu_order":0,"comment_status":"closed","ping_status":"closed","template":"","meta":{"site-sidebar-layout":"no-sidebar","site-content-layout":"page-builder","ast-site-content-layout":"","site-content-style":"default","site-sidebar-style":"default","ast-global-header-display":"","ast-banner-title-visibility":"","ast-main-header-display":"","ast-hfb-above-header-display":"","ast-hfb-below-header-display":"","ast-hfb-mobile-header-display":"","site-post-title":"disabled","ast-breadcrumbs-content":"","ast-featured-img":"disabled","footer-sml-layout":"","theme-transparent-header-meta":"enabled","adv-header-id-meta":"","stick-header-meta":"","header-above-stick-meta":"","header-main-stick-meta":"","header-below-stick-meta":"","astra-migrate-meta-layouts":"default","ast-page-background-enabled":"default","ast-page-background-meta":{"desktop":{"background-color":"var(--ast-global-color-4)","background-image":"","background-repeat":"repeat","background-position":"center center","background-size":"auto","background-attachment":"scroll","background-type":"","background-media":"","overlay-type":"","overlay-color":"","overlay-opacity":"","overlay-gradient":""},"tablet":{"background-color":"","background-image":"","background-repeat":"repeat","background-position":"center center","background-size":"auto","background-attachment":"scroll","background-type":"","background-media":"","overlay-type":"","overlay-color":"","overlay-opacity":"","overlay-gradient":""},"mobile":{"background-color":"","background-image":"","background-repeat":"repeat","background-position":"center center","background-size":"auto","background-attachment":"scroll","background-type":"","background-media":"","overlay-type":"","overlay-color":"","overlay-opacity":"","overlay-gradient":""}},"ast-content-background-meta":{"desktop":{"background-color":"var(--ast-global-color-5)","background-image":"","background-repeat":"repeat","background-position":"center center","background-size":"auto","background-attachment":"scroll","background-type":"","background-media":"","overlay-type":"","overlay-color":"","overlay-opacity":"","overlay-gradient":""},"tablet":{"background-color":"var(--ast-global-color-5)","background-image":"","background-repeat":"repeat","background-position":"center center","background-size":"auto","background-attachment":"scroll","background-type":"","background-media":"","overlay-type":"","overlay-color":"","overlay-opacity":"","overlay-gradient":""},"mobile":{"background-color":"var(--ast-global-color-5)","background-image":"","background-repeat":"repeat","background-position":"center center","background-size":"auto","background-attachment":"scroll","background-type":"","background-media":"","overlay-type":"","overlay-color":"","overlay-opacity":"","overlay-gradient":""}},"footnotes":""},"class_list":["post-2768","page","type-page","status-publish","hentry"],"aioseo_notices":[],"jetpack_sharing_enabled":true,"_links":{"self":[{"href":"https:\/\/solidarity.org.ua\/fr\/wp-json\/wp\/v2\/pages\/2768","targetHints":{"allow":["GET"]}}],"collection":[{"href":"https:\/\/solidarity.org.ua\/fr\/wp-json\/wp\/v2\/pages"}],"about":[{"href":"https:\/\/solidarity.org.ua\/fr\/wp-json\/wp\/v2\/types\/page"}],"author":[{"embeddable":true,"href":"https:\/\/solidarity.org.ua\/fr\/wp-json\/wp\/v2\/users\/1"}],"replies":[{"embeddable":true,"href":"https:\/\/solidarity.org.ua\/fr\/wp-json\/wp\/v2\/comments?post=2768"}],"version-history":[{"count":20,"href":"https:\/\/solidarity.org.ua\/fr\/wp-json\/wp\/v2\/pages\/2768\/revisions"}],"predecessor-version":[{"id":3850,"href":"https:\/\/solidarity.org.ua\/fr\/wp-json\/wp\/v2\/pages\/2768\/revisions\/3850"}],"wp:attachment":[{"href":"https:\/\/solidarity.org.ua\/fr\/wp-json\/wp\/v2\/media?parent=2768"}],"curies":[{"name":"wp","href":"https:\/\/api.w.org\/{rel}","templated":true}]}}