{"id":2714,"date":"2023-07-30T14:24:58","date_gmt":"2023-07-30T14:24:58","guid":{"rendered":"https:\/\/solidarity.org.ua\/fr\/?page_id=2714"},"modified":"2025-08-19T11:47:39","modified_gmt":"2025-08-19T11:47:39","slug":"aide-militaire","status":"publish","type":"page","link":"https:\/\/solidarity.org.ua\/fr\/aide-militaire\/","title":{"rendered":"aide-militaire"},"content":{"rendered":"\t\t<div data-elementor-type=\"wp-page\" data-elementor-id=\"2714\" class=\"elementor elementor-2714\">\n\t\t\t\t\t\t<section class=\"elementor-section elementor-top-section elementor-element elementor-element-dbdb26e elementor-section-boxed elementor-section-height-default elementor-section-height-default\" data-id=\"dbdb26e\" data-element_type=\"section\" data-e-type=\"section\">\n\t\t\t\t\t\t<div class=\"elementor-container elementor-column-gap-default\">\n\t\t\t\t\t<div class=\"elementor-column elementor-col-100 elementor-top-column elementor-element elementor-element-be59c37\" data-id=\"be59c37\" data-element_type=\"column\" data-e-type=\"column\">\n\t\t\t<div class=\"elementor-widget-wrap elementor-element-populated\">\n\t\t\t\t\t\t<div class=\"elementor-element elementor-element-1e6a97b elementor-widget elementor-widget-text-editor\" data-id=\"1e6a97b\" data-element_type=\"widget\" data-e-type=\"widget\" data-widget_type=\"text-editor.default\">\n\t\t\t\t<div class=\"elementor-widget-container\">\n\t\t\t\t\t\t\t\t\t<br><br><br><br>\t\t\t\t\t\t\t\t<\/div>\n\t\t\t\t<\/div>\n\t\t\t\t\t<\/div>\n\t\t<\/div>\n\t\t\t\t\t<\/div>\n\t\t<\/section>\n\t\t\t\t<section class=\"elementor-section elementor-top-section elementor-element elementor-element-fa941cb elementor-section-content-middle elementor-section-boxed elementor-section-height-default elementor-section-height-default\" data-id=\"fa941cb\" data-element_type=\"section\" data-e-type=\"section\" data-settings=\"{&quot;background_background&quot;:&quot;classic&quot;}\">\n\t\t\t\t\t\t\t<div class=\"elementor-background-overlay\"><\/div>\n\t\t\t\t\t\t\t<div class=\"elementor-container elementor-column-gap-default\">\n\t\t\t\t\t<div class=\"elementor-column elementor-col-100 elementor-top-column elementor-element elementor-element-5056136\" data-id=\"5056136\" data-element_type=\"column\" data-e-type=\"column\">\n\t\t\t<div class=\"elementor-widget-wrap elementor-element-populated\">\n\t\t\t\t\t\t<div class=\"elementor-element elementor-element-b1639c3 elementor-widget elementor-widget-heading\" data-id=\"b1639c3\" data-element_type=\"widget\" data-e-type=\"widget\" data-widget_type=\"heading.default\">\n\t\t\t\t<div class=\"elementor-widget-container\">\n\t\t\t\t\t<h2 class=\"elementor-heading-title elementor-size-default\">AIDE AUX FORCES ARM\u00c9ES DE L'UKRAINE<\/h2>\t\t\t\t<\/div>\n\t\t\t\t<\/div>\n\t\t\t\t\t<\/div>\n\t\t<\/div>\n\t\t\t\t\t<\/div>\n\t\t<\/section>\n\t\t\t\t<section class=\"elementor-section elementor-top-section elementor-element elementor-element-b4376c6 elementor-section-boxed elementor-section-height-default elementor-section-height-default\" data-id=\"b4376c6\" data-element_type=\"section\" data-e-type=\"section\">\n\t\t\t\t\t\t<div class=\"elementor-container elementor-column-gap-default\">\n\t\t\t\t\t<div class=\"elementor-column elementor-col-100 elementor-top-column elementor-element elementor-element-7b2bced\" data-id=\"7b2bced\" data-element_type=\"column\" data-e-type=\"column\">\n\t\t\t<div class=\"elementor-widget-wrap elementor-element-populated\">\n\t\t\t\t\t\t<div class=\"elementor-element elementor-element-f3f9522 elementor-widget elementor-widget-heading\" data-id=\"f3f9522\" data-element_type=\"widget\" data-e-type=\"widget\" data-widget_type=\"heading.default\">\n\t\t\t\t<div class=\"elementor-widget-container\">\n\t\t\t\t\t<h2 class=\"elementor-heading-title elementor-size-default\">Conditions du programme caritatif<\/h2>\t\t\t\t<\/div>\n\t\t\t\t<\/div>\n\t\t\t\t<div class=\"elementor-element elementor-element-dc235c7 elementor-widget elementor-widget-text-editor\" data-id=\"dc235c7\" data-element_type=\"widget\" data-e-type=\"widget\" data-widget_type=\"text-editor.default\">\n\t\t\t\t<div class=\"elementor-widget-container\">\n\t\t\t\t\t\t\t\t\t<!-- Tr\u00e8s petit bloc gris -->\n<div style=\"margin: 10px auto; padding: 2px 6px; background-color: #e0e0e0; border-radius: 6px; width: fit-content; text-align: center;\">\n  <span style=\"font-size: 10px; color: #333; font-family: Roboto, sans-serif;\">\n    Le programme caritatif sera cl\u00f4tur\u00e9 le 01.09.2026\n  <\/span>\n<\/div>\t\t\t\t\t\t\t\t<\/div>\n\t\t\t\t<\/div>\n\t\t\t\t<div class=\"elementor-element elementor-element-b04861a elementor-widget elementor-widget-text-editor\" data-id=\"b04861a\" data-element_type=\"widget\" data-e-type=\"widget\" data-widget_type=\"text-editor.default\">\n\t\t\t\t<div class=\"elementor-widget-container\">\n\t\t\t\t\t\t\t\t\t<p><b>Liste des branches militaires pouvant demander une aide:<\/b><\/p><ul><li><span style=\"background-color: var(--ast-global-color-5);\">Forces d&#8217;op\u00e9rations sp\u00e9ciales des Forces arm\u00e9es de l\u2019Ukraine;<\/span><\/li><li>Forces de d\u00e9fense territoriale des Forces arm\u00e9es de l\u2019Ukraine;<\/li><li>\u00c9tat-major g\u00e9n\u00e9ral des Forces arm\u00e9es de l\u2019Ukraine;<\/li><li>Forces navales des Forces arm\u00e9es de l\u2019Ukraine;<\/li><li>Forces terrestres des Forces arm\u00e9es de l\u2019Ukraine;<\/li><li>Forces a\u00e9riennes des Forces arm\u00e9es de l\u2019Ukraine;<\/li><li>Centres territoriaux de recrutement et de soutien social.<\/li><\/ul>\t\t\t\t\t\t\t\t<\/div>\n\t\t\t\t<\/div>\n\t\t\t\t<div class=\"elementor-element elementor-element-242d706 elementor-alert-warning elementor-widget elementor-widget-alert\" data-id=\"242d706\" data-element_type=\"widget\" data-e-type=\"widget\" data-widget_type=\"alert.default\">\n\t\t\t\t<div class=\"elementor-widget-container\">\n\t\t\t\t\t\t\t<div class=\"elementor-alert\" role=\"alert\">\n\n\t\t\t\t\t\t<span class=\"elementor-alert-title\">Ce programme caritatif n'accepte pas les demandes provenant des:<\/span>\n\t\t\t\n\t\t\t\t\t\t<span class=\"elementor-alert-description\">- Militaires individuels (si la demande provient d\u2019une personne sp\u00e9cifique et non d\u2019une unit\u00e9 militaire);<br>\n- Garde nationale de l\u2019Ukraine;<br>\n- Service national des gardes-fronti\u00e8res de l\u2019Ukraine;<br>\n - Unit\u00e9s de la police nationale.<\/span>\n\t\t\t\n\t\t\t\t\t\t<button type=\"button\" class=\"elementor-alert-dismiss\" aria-label=\"Dismiss this alert.\">\n\t\t\t\t\t\t\t\t\t<span aria-hidden=\"true\">&times;<\/span>\n\t\t\t\t\t\t\t<\/button>\n\t\t\t\n\t\t<\/div>\n\t\t\t\t\t\t<\/div>\n\t\t\t\t<\/div>\n\t\t\t\t<div class=\"elementor-element elementor-element-2dce601 elementor-widget elementor-widget-text-editor\" data-id=\"2dce601\" data-element_type=\"widget\" data-e-type=\"widget\" data-widget_type=\"text-editor.default\">\n\t\t\t\t<div class=\"elementor-widget-container\">\n\t\t\t\t\t\t\t\t\t<b>Ce que la Fondation peut fournir dans le cadre de ce programme\u00a0:<\/b>\n\n<ul> <li>Imagerie thermique et optiques de vision nocturne&nbsp;;<\/li> <li>Moyens de communication&nbsp;;<\/li> <li>Moyens techniques de renseignement et de traitement de l\u2019information&nbsp;:<\/li> <li>V\u00e9hicules&nbsp;;<\/li> <li>\u00c9quipements pour \u00e9tats-majors et postes de commandement mobiles&nbsp;;<\/li> <li>Optiques et \u00e9quipements pour l\u2019activit\u00e9 des tireurs d\u2019\u00e9lite&nbsp;;<\/li> <li>\u00c9quipements de minage.<\/li> <\/ul> Cela peut inclure les aides suivantes (liste non exhaustive)&nbsp;: cam\u00e9ras thermiques, dispositifs de vision nocturne, quadricopt\u00e8res, jumelles, tablettes, talkies-walkies, routeurs, t\u00e9l\u00e9phones satellites, ordinateurs portables, d\u00e9tecteurs de mines, etc.\t\t\t\t\t\t\t\t<\/div>\n\t\t\t\t<\/div>\n\t\t\t\t<div class=\"elementor-element elementor-element-f83574e elementor-alert-warning elementor-widget elementor-widget-alert\" data-id=\"f83574e\" data-element_type=\"widget\" data-e-type=\"widget\" data-widget_type=\"alert.default\">\n\t\t\t\t<div class=\"elementor-widget-container\">\n\t\t\t\t\t\t\t<div class=\"elementor-alert\" role=\"alert\">\n\n\t\t\t\t\t\t<span class=\"elementor-alert-title\">La Fondation ne peut pas fournir les \u00e9l\u00e9ments suivants:<\/span>\n\t\t\t\n\t\t\t\t\t\t<span class=\"elementor-alert-description\">- armes \u00e0 feu, pi\u00e8ces d\u00e9tach\u00e9es pour celles-ci, munitions, armes blanches interdites ou dont la circulation est restreinte par les autorit\u00e9s charg\u00e9es de l'application de la loi;<br>\n- substances narcotiques, st\u00e9ro\u00efdes, psychotropes et autres produits mettant en danger la vie et la sant\u00e9 des consommateurs, ainsi que les dispositifs destin\u00e9s \u00e0 leur consommation;<br>- m\u00e9dicaments non autoris\u00e9s, livraison de m\u00e9dicaments en dehors de l'Ukraine;<br>- produits du tabac, monnaie \u00e9lectronique;<br>- armes de destruction massive.<\/span>\n\t\t\t\n\t\t\t\t\t\t<button type=\"button\" class=\"elementor-alert-dismiss\" aria-label=\"Dismiss this alert.\">\n\t\t\t\t\t\t\t\t\t<span aria-hidden=\"true\">&times;<\/span>\n\t\t\t\t\t\t\t<\/button>\n\t\t\t\n\t\t<\/div>\n\t\t\t\t\t\t<\/div>\n\t\t\t\t<\/div>\n\t\t\t\t<div class=\"elementor-element elementor-element-b713724 elementor-widget elementor-widget-text-editor\" data-id=\"b713724\" data-element_type=\"widget\" data-e-type=\"widget\" data-widget_type=\"text-editor.default\">\n\t\t\t\t<div class=\"elementor-widget-container\">\n\t\t\t\t\t\t\t\t\t<b>Ce qui est n\u00e9cessaire pour recevoir de l\u2019aide :<\/b> envoyez \u00e0 l\u2019adresse e-mail <span style=\"color: #ff3131;\">info@solidarity.org.ua<\/span> un scan ou une photo d\u2019une demande officielle portant le cachet d\u2019une unit\u00e9 militaire.<br><br>\n<b>Examen prioritaire des demandes d\u2019aide :<\/b><br><br>\n\n1. Les demandes re\u00e7ues directement de l\u2019\u00c9tat-major des Forces arm\u00e9es d\u2019Ukraine;<br><br>\n\n2. Les demandes portant sur des \u00e9l\u00e9ments susceptibles d\u2019aider \u00e0 sauver la vie et la sant\u00e9 d\u2019un militaire;<br><br>\n\n3. Les demandes provenant d\u2019unit\u00e9s ex\u00e9cutant des missions de combat dans des zones de combats intenses;<br><br>\n\n4. Toutes les autres demandes.\t\t\t\t\t\t\t\t<\/div>\n\t\t\t\t<\/div>\n\t\t\t\t\t<\/div>\n\t\t<\/div>\n\t\t\t\t\t<\/div>\n\t\t<\/section>\n\t\t\t\t<\/div>\n\t\t","protected":false},"excerpt":{"rendered":"<p>AIDE AUX FORCES ARM\u00c9ES DE L&#8217;UKRAINE Conditions du programme caritatif Le programme caritatif sera cl\u00f4tur\u00e9 le 01.09.2026 Liste des branches militaires pouvant demander une aide: Forces d&#8217;op\u00e9rations sp\u00e9ciales des Forces arm\u00e9es de l\u2019Ukraine; Forces de d\u00e9fense territoriale des Forces arm\u00e9es de l\u2019Ukraine; \u00c9tat-major g\u00e9n\u00e9ral des Forces arm\u00e9es de l\u2019Ukraine; Forces navales des Forces arm\u00e9es de [&hellip;]<\/p>\n","protected":false},"author":1,"featured_media":0,"parent":0,"menu_order":0,"comment_status":"closed","ping_status":"closed","template":"","meta":{"site-sidebar-layout":"no-sidebar","site-content-layout":"page-builder","ast-site-content-layout":"","site-content-style":"default","site-sidebar-style":"default","ast-global-header-display":"","ast-banner-title-visibility":"","ast-main-header-display":"","ast-hfb-above-header-display":"","ast-hfb-below-header-display":"","ast-hfb-mobile-header-display":"","site-post-title":"disabled","ast-breadcrumbs-content":"","ast-featured-img":"disabled","footer-sml-layout":"","theme-transparent-header-meta":"enabled","adv-header-id-meta":"","stick-header-meta":"","header-above-stick-meta":"","header-main-stick-meta":"","header-below-stick-meta":"","astra-migrate-meta-layouts":"default","ast-page-background-enabled":"default","ast-page-background-meta":{"desktop":{"background-color":"var(--ast-global-color-4)","background-image":"","background-repeat":"repeat","background-position":"center center","background-size":"auto","background-attachment":"scroll","background-type":"","background-media":"","overlay-type":"","overlay-color":"","overlay-opacity":"","overlay-gradient":""},"tablet":{"background-color":"","background-image":"","background-repeat":"repeat","background-position":"center center","background-size":"auto","background-attachment":"scroll","background-type":"","background-media":"","overlay-type":"","overlay-color":"","overlay-opacity":"","overlay-gradient":""},"mobile":{"background-color":"","background-image":"","background-repeat":"repeat","background-position":"center center","background-size":"auto","background-attachment":"scroll","background-type":"","background-media":"","overlay-type":"","overlay-color":"","overlay-opacity":"","overlay-gradient":""}},"ast-content-background-meta":{"desktop":{"background-color":"var(--ast-global-color-5)","background-image":"","background-repeat":"repeat","background-position":"center center","background-size":"auto","background-attachment":"scroll","background-type":"","background-media":"","overlay-type":"","overlay-color":"","overlay-opacity":"","overlay-gradient":""},"tablet":{"background-color":"var(--ast-global-color-5)","background-image":"","background-repeat":"repeat","background-position":"center center","background-size":"auto","background-attachment":"scroll","background-type":"","background-media":"","overlay-type":"","overlay-color":"","overlay-opacity":"","overlay-gradient":""},"mobile":{"background-color":"var(--ast-global-color-5)","background-image":"","background-repeat":"repeat","background-position":"center center","background-size":"auto","background-attachment":"scroll","background-type":"","background-media":"","overlay-type":"","overlay-color":"","overlay-opacity":"","overlay-gradient":""}},"footnotes":""},"class_list":["post-2714","page","type-page","status-publish","hentry"],"aioseo_notices":[],"jetpack_sharing_enabled":true,"_links":{"self":[{"href":"https:\/\/solidarity.org.ua\/fr\/wp-json\/wp\/v2\/pages\/2714","targetHints":{"allow":["GET"]}}],"collection":[{"href":"https:\/\/solidarity.org.ua\/fr\/wp-json\/wp\/v2\/pages"}],"about":[{"href":"https:\/\/solidarity.org.ua\/fr\/wp-json\/wp\/v2\/types\/page"}],"author":[{"embeddable":true,"href":"https:\/\/solidarity.org.ua\/fr\/wp-json\/wp\/v2\/users\/1"}],"replies":[{"embeddable":true,"href":"https:\/\/solidarity.org.ua\/fr\/wp-json\/wp\/v2\/comments?post=2714"}],"version-history":[{"count":80,"href":"https:\/\/solidarity.org.ua\/fr\/wp-json\/wp\/v2\/pages\/2714\/revisions"}],"predecessor-version":[{"id":3773,"href":"https:\/\/solidarity.org.ua\/fr\/wp-json\/wp\/v2\/pages\/2714\/revisions\/3773"}],"wp:attachment":[{"href":"https:\/\/solidarity.org.ua\/fr\/wp-json\/wp\/v2\/media?parent=2714"}],"curies":[{"name":"wp","href":"https:\/\/api.w.org\/{rel}","templated":true}]}}